{"id":1283,"date":"2022-12-06T12:25:51","date_gmt":"2022-12-06T12:25:51","guid":{"rendered":"https:\/\/laendle-ischgl.at\/location-directions\/"},"modified":"2026-02-18T08:20:51","modified_gmt":"2026-02-18T08:20:51","slug":"location-directions","status":"publish","type":"page","link":"https:\/\/laendle-ischgl.at\/en\/location-directions\/","title":{"rendered":"Location &amp; directions"},"content":{"rendered":"\t\t<div data-elementor-type=\"wp-page\" data-elementor-id=\"1283\" class=\"elementor elementor-1283 elementor-15\" data-elementor-post-type=\"page\">\n\t\t\t\t\t\t<section class=\"elementor-section elementor-top-section elementor-element elementor-element-6032c7a9 elementor-section-height-min-height elementor-section-boxed elementor-section-height-default elementor-section-items-middle\" data-id=\"6032c7a9\" data-element_type=\"section\" data-e-type=\"section\" data-settings=\"{&quot;background_background&quot;:&quot;classic&quot;}\">\n\t\t\t\t\t\t\t<div class=\"elementor-background-overlay\"><\/div>\n\t\t\t\t\t\t\t<div class=\"elementor-container elementor-column-gap-default\">\n\t\t\t\t\t<div class=\"elementor-column elementor-col-100 elementor-top-column elementor-element elementor-element-6736c197\" data-id=\"6736c197\" data-element_type=\"column\" data-e-type=\"column\" data-settings=\"{&quot;background_background&quot;:&quot;classic&quot;}\">\n\t\t\t<div class=\"elementor-widget-wrap elementor-element-populated\">\n\t\t\t\t\t\t<div class=\"elementor-element elementor-element-3401fa1e elementor-widget elementor-widget-heading\" data-id=\"3401fa1e\" data-element_type=\"widget\" data-e-type=\"widget\" data-widget_type=\"heading.default\">\n\t\t\t\t<div class=\"elementor-widget-container\">\n\t\t\t\t\t<h2 class=\"elementor-heading-title elementor-size-default\">Location &amp; directions<\/h2>\t\t\t\t<\/div>\n\t\t\t\t<\/div>\n\t\t\t\t\t<\/div>\n\t\t<\/div>\n\t\t\t\t\t<\/div>\n\t\t<\/section>\n\t\t\t\t<section class=\"elementor-section elementor-top-section elementor-element elementor-element-eac97da elementor-section-boxed elementor-section-height-default elementor-section-height-default\" data-id=\"eac97da\" data-element_type=\"section\" data-e-type=\"section\">\n\t\t\t\t\t\t<div class=\"elementor-container elementor-column-gap-default\">\n\t\t\t\t\t<div class=\"elementor-column elementor-col-100 elementor-top-column elementor-element elementor-element-7f2a2bc6\" data-id=\"7f2a2bc6\" data-element_type=\"column\" data-e-type=\"column\">\n\t\t\t<div class=\"elementor-widget-wrap elementor-element-populated\">\n\t\t\t\t\t\t<div class=\"elementor-element elementor-element-253b25a4 elementor-widget elementor-widget-heading\" data-id=\"253b25a4\" data-element_type=\"widget\" data-e-type=\"widget\" data-widget_type=\"heading.default\">\n\t\t\t\t<div class=\"elementor-widget-container\">\n\t\t\t\t\t<h1 class=\"elementor-heading-title elementor-size-default\">Location &amp; directions<\/h1>\t\t\t\t<\/div>\n\t\t\t\t<\/div>\n\t\t\t\t<div class=\"elementor-element elementor-element-1092dc28 elementor-widget elementor-widget-text-editor\" data-id=\"1092dc28\" data-element_type=\"widget\" data-e-type=\"widget\" data-widget_type=\"text-editor.default\">\n\t\t\t\t<div class=\"elementor-widget-container\">\n\t\t\t\t\t\t\t\t\t<p class=\"Flietext\"><span lang=\"DE\">How to find us<\/span><\/p>\n\t\t\t\t\t\t\t\t<\/div>\n\t\t\t\t<\/div>\n\t\t\t\t<div class=\"elementor-element elementor-element-1c24ec9f elementor-widget elementor-widget-text-editor\" data-id=\"1c24ec9f\" data-element_type=\"widget\" data-e-type=\"widget\" data-widget_type=\"text-editor.default\">\n\t\t\t\t<div class=\"elementor-widget-container\">\n\t\t\t\t\t\t\t\t\t<p class=\"Flietext\"><span lang=\"DE\">If you are traveling by car in the summer, you can either take the Silvretta Bundesstra\u00dfe through the Paznaun valley or the Silvretta Hochalpenstra\u00dfe. The Hochalpenstra\u00dfe is closed in winter. <\/span><\/p>\n\t\t\t\t\t\t\t\t<\/div>\n\t\t\t\t<\/div>\n\t\t\t\t<div class=\"elementor-element elementor-element-cd4c4fd elementor-widget elementor-widget-heading\" data-id=\"cd4c4fd\" data-element_type=\"widget\" data-e-type=\"widget\" data-widget_type=\"heading.default\">\n\t\t\t\t<div class=\"elementor-widget-container\">\n\t\t\t\t\t<h2 class=\"elementor-heading-title elementor-size-default\">Plan your trip<\/h2>\t\t\t\t<\/div>\n\t\t\t\t<\/div>\n\t\t\t\t<div class=\"elementor-element elementor-element-e338fd2 elementor-widget elementor-widget-osm-map-elementor\" data-id=\"e338fd2\" data-element_type=\"widget\" data-e-type=\"widget\" data-widget_type=\"osm-map-elementor.default\">\n\t\t\t\t<div class=\"elementor-widget-container\">\n\t\t\t\t\t<div id=\"osm-map-e338fd2\" \n        class=\"osm-map-container\" \n        data-center=\"47.028347,10.315749\"><\/div>        <script type=\"text\/javascript\">\n                    <\/script>\n        \t\t\t\t<\/div>\n\t\t\t\t<\/div>\n\t\t\t\t\t<\/div>\n\t\t<\/div>\n\t\t\t\t\t<\/div>\n\t\t<\/section>\n\t\t\t\t<\/div>\n\t\t","protected":false},"excerpt":{"rendered":"<p>Location &amp; directions Location &amp; directions How to find us If you are traveling by car in the summer, you can either take the Silvretta Bundesstra\u00dfe through the Paznaun valley or the Silvretta Hochalpenstra\u00dfe. The Hochalpenstra\u00dfe is closed in winter. Plan your trip<\/p>\n","protected":false},"author":1,"featured_media":0,"parent":0,"menu_order":6,"comment_status":"closed","ping_status":"closed","template":"","meta":{"footnotes":""},"class_list":["post-1283","page","type-page","status-publish","hentry"],"yoast_head":"<!-- This site is optimized with the Yoast SEO plugin v27.6 - https:\/\/yoast.com\/product\/yoast-seo-wordpress\/ -->\n<title>Apart L\u00e4ndle | Ischgl | Paznaun | Tyrol | Apartments | Location &amp; directions<\/title>\n<meta name=\"description\" content=\"Welcome to your home away from home in the Alpine resort of Ischgl. Apart L\u00e4ndle offers the perfect retreat after a day on the slopes.\" \/>\n<meta name=\"robots\" content=\"index, follow, max-snippet:-1, max-image-preview:large, max-video-preview:-1\" \/>\n<link rel=\"canonical\" href=\"https:\/\/laendle-ischgl.at\/en\/location-directions\/\" \/>\n<meta property=\"og:locale\" content=\"en_US\" \/>\n<meta property=\"og:type\" content=\"article\" \/>\n<meta property=\"og:title\" content=\"Apart L\u00e4ndle | Ischgl | Paznaun | Tyrol | Apartments | Location &amp; directions\" \/>\n<meta property=\"og:description\" content=\"Welcome to your home away from home in the Alpine resort of Ischgl. Apart L\u00e4ndle offers the perfect retreat after a day on the slopes.\" \/>\n<meta property=\"og:url\" content=\"https:\/\/laendle-ischgl.at\/en\/location-directions\/\" \/>\n<meta property=\"og:site_name\" content=\"Apart L\u00e4ndle\" \/>\n<meta property=\"article:modified_time\" content=\"2026-02-18T08:20:51+00:00\" \/>\n<meta name=\"twitter:card\" content=\"summary_large_image\" \/>\n<script type=\"application\/ld+json\" class=\"yoast-schema-graph\">{\"@context\":\"https:\\\/\\\/schema.org\",\"@graph\":[{\"@type\":\"WebPage\",\"@id\":\"https:\\\/\\\/laendle-ischgl.at\\\/en\\\/location-directions\\\/\",\"url\":\"https:\\\/\\\/laendle-ischgl.at\\\/en\\\/location-directions\\\/\",\"name\":\"Apart L\u00e4ndle | Ischgl | Paznaun | Tyrol | Apartments | Location & directions\",\"isPartOf\":{\"@id\":\"https:\\\/\\\/laendle-ischgl.at\\\/en\\\/#website\"},\"datePublished\":\"2022-12-06T12:25:51+00:00\",\"dateModified\":\"2026-02-18T08:20:51+00:00\",\"description\":\"Welcome to your home away from home in the Alpine resort of Ischgl. Apart L\u00e4ndle offers the perfect retreat after a day on the slopes.\",\"breadcrumb\":{\"@id\":\"https:\\\/\\\/laendle-ischgl.at\\\/en\\\/location-directions\\\/#breadcrumb\"},\"inLanguage\":\"en-US\",\"potentialAction\":[{\"@type\":\"ReadAction\",\"target\":[\"https:\\\/\\\/laendle-ischgl.at\\\/en\\\/location-directions\\\/\"]}]},{\"@type\":\"BreadcrumbList\",\"@id\":\"https:\\\/\\\/laendle-ischgl.at\\\/en\\\/location-directions\\\/#breadcrumb\",\"itemListElement\":[{\"@type\":\"ListItem\",\"position\":1,\"name\":\"Startseite\",\"item\":\"https:\\\/\\\/laendle-ischgl.at\\\/en\\\/\"},{\"@type\":\"ListItem\",\"position\":2,\"name\":\"Location &amp; directions\"}]},{\"@type\":\"WebSite\",\"@id\":\"https:\\\/\\\/laendle-ischgl.at\\\/en\\\/#website\",\"url\":\"https:\\\/\\\/laendle-ischgl.at\\\/en\\\/\",\"name\":\"Apart L\u00e4ndle\",\"description\":\"Apartments in Ischgl\",\"publisher\":{\"@id\":\"https:\\\/\\\/laendle-ischgl.at\\\/en\\\/#organization\"},\"potentialAction\":[{\"@type\":\"SearchAction\",\"target\":{\"@type\":\"EntryPoint\",\"urlTemplate\":\"https:\\\/\\\/laendle-ischgl.at\\\/en\\\/?s={search_term_string}\"},\"query-input\":{\"@type\":\"PropertyValueSpecification\",\"valueRequired\":true,\"valueName\":\"search_term_string\"}}],\"inLanguage\":\"en-US\"},{\"@type\":\"Organization\",\"@id\":\"https:\\\/\\\/laendle-ischgl.at\\\/en\\\/#organization\",\"name\":\"Apart L\u00e4ndle\",\"url\":\"https:\\\/\\\/laendle-ischgl.at\\\/en\\\/\",\"logo\":{\"@type\":\"ImageObject\",\"inLanguage\":\"en-US\",\"@id\":\"https:\\\/\\\/laendle-ischgl.at\\\/en\\\/#\\\/schema\\\/logo\\\/image\\\/\",\"url\":\"https:\\\/\\\/laendle-ischgl.at\\\/wp-content\\\/uploads\\\/2022\\\/11\\\/Logo-ohneSchrift.png\",\"contentUrl\":\"https:\\\/\\\/laendle-ischgl.at\\\/wp-content\\\/uploads\\\/2022\\\/11\\\/Logo-ohneSchrift.png\",\"width\":1549,\"height\":1247,\"caption\":\"Apart L\u00e4ndle\"},\"image\":{\"@id\":\"https:\\\/\\\/laendle-ischgl.at\\\/en\\\/#\\\/schema\\\/logo\\\/image\\\/\"}}]}<\/script>\n<!-- \/ Yoast SEO plugin. -->","yoast_head_json":{"title":"Apart L\u00e4ndle | Ischgl | Paznaun | Tyrol | Apartments | Location & directions","description":"Welcome to your home away from home in the Alpine resort of Ischgl. Apart L\u00e4ndle offers the perfect retreat after a day on the slopes.","robots":{"index":"index","follow":"follow","max-snippet":"max-snippet:-1","max-image-preview":"max-image-preview:large","max-video-preview":"max-video-preview:-1"},"canonical":"https:\/\/laendle-ischgl.at\/en\/location-directions\/","og_locale":"en_US","og_type":"article","og_title":"Apart L\u00e4ndle | Ischgl | Paznaun | Tyrol | Apartments | Location & directions","og_description":"Welcome to your home away from home in the Alpine resort of Ischgl. Apart L\u00e4ndle offers the perfect retreat after a day on the slopes.","og_url":"https:\/\/laendle-ischgl.at\/en\/location-directions\/","og_site_name":"Apart L\u00e4ndle","article_modified_time":"2026-02-18T08:20:51+00:00","twitter_card":"summary_large_image","schema":{"@context":"https:\/\/schema.org","@graph":[{"@type":"WebPage","@id":"https:\/\/laendle-ischgl.at\/en\/location-directions\/","url":"https:\/\/laendle-ischgl.at\/en\/location-directions\/","name":"Apart L\u00e4ndle | Ischgl | Paznaun | Tyrol | Apartments | Location & directions","isPartOf":{"@id":"https:\/\/laendle-ischgl.at\/en\/#website"},"datePublished":"2022-12-06T12:25:51+00:00","dateModified":"2026-02-18T08:20:51+00:00","description":"Welcome to your home away from home in the Alpine resort of Ischgl. Apart L\u00e4ndle offers the perfect retreat after a day on the slopes.","breadcrumb":{"@id":"https:\/\/laendle-ischgl.at\/en\/location-directions\/#breadcrumb"},"inLanguage":"en-US","potentialAction":[{"@type":"ReadAction","target":["https:\/\/laendle-ischgl.at\/en\/location-directions\/"]}]},{"@type":"BreadcrumbList","@id":"https:\/\/laendle-ischgl.at\/en\/location-directions\/#breadcrumb","itemListElement":[{"@type":"ListItem","position":1,"name":"Startseite","item":"https:\/\/laendle-ischgl.at\/en\/"},{"@type":"ListItem","position":2,"name":"Location &amp; directions"}]},{"@type":"WebSite","@id":"https:\/\/laendle-ischgl.at\/en\/#website","url":"https:\/\/laendle-ischgl.at\/en\/","name":"Apart L\u00e4ndle","description":"Apartments in Ischgl","publisher":{"@id":"https:\/\/laendle-ischgl.at\/en\/#organization"},"potentialAction":[{"@type":"SearchAction","target":{"@type":"EntryPoint","urlTemplate":"https:\/\/laendle-ischgl.at\/en\/?s={search_term_string}"},"query-input":{"@type":"PropertyValueSpecification","valueRequired":true,"valueName":"search_term_string"}}],"inLanguage":"en-US"},{"@type":"Organization","@id":"https:\/\/laendle-ischgl.at\/en\/#organization","name":"Apart L\u00e4ndle","url":"https:\/\/laendle-ischgl.at\/en\/","logo":{"@type":"ImageObject","inLanguage":"en-US","@id":"https:\/\/laendle-ischgl.at\/en\/#\/schema\/logo\/image\/","url":"https:\/\/laendle-ischgl.at\/wp-content\/uploads\/2022\/11\/Logo-ohneSchrift.png","contentUrl":"https:\/\/laendle-ischgl.at\/wp-content\/uploads\/2022\/11\/Logo-ohneSchrift.png","width":1549,"height":1247,"caption":"Apart L\u00e4ndle"},"image":{"@id":"https:\/\/laendle-ischgl.at\/en\/#\/schema\/logo\/image\/"}}]}},"_links":{"self":[{"href":"https:\/\/laendle-ischgl.at\/en\/wp-json\/wp\/v2\/pages\/1283","targetHints":{"allow":["GET"]}}],"collection":[{"href":"https:\/\/laendle-ischgl.at\/en\/wp-json\/wp\/v2\/pages"}],"about":[{"href":"https:\/\/laendle-ischgl.at\/en\/wp-json\/wp\/v2\/types\/page"}],"author":[{"embeddable":true,"href":"https:\/\/laendle-ischgl.at\/en\/wp-json\/wp\/v2\/users\/1"}],"replies":[{"embeddable":true,"href":"https:\/\/laendle-ischgl.at\/en\/wp-json\/wp\/v2\/comments?post=1283"}],"version-history":[{"count":3,"href":"https:\/\/laendle-ischgl.at\/en\/wp-json\/wp\/v2\/pages\/1283\/revisions"}],"predecessor-version":[{"id":1788,"href":"https:\/\/laendle-ischgl.at\/en\/wp-json\/wp\/v2\/pages\/1283\/revisions\/1788"}],"wp:attachment":[{"href":"https:\/\/laendle-ischgl.at\/en\/wp-json\/wp\/v2\/media?parent=1283"}],"curies":[{"name":"wp","href":"https:\/\/api.w.org\/{rel}","templated":true}]}}